{"id":11,"date":"2022-05-31T10:16:10","date_gmt":"2022-05-31T15:16:10","guid":{"rendered":"https:\/\/openarmsfreeclinic.org\/?page_id=11"},"modified":"2026-03-16T16:11:54","modified_gmt":"2026-03-16T21:11:54","slug":"about-us","status":"publish","type":"page","link":"https:\/\/openarmsfreeclinic.org\/es\/about-us\/","title":{"rendered":"Acerca de"},"content":{"rendered":"<div class=\"gb-grid-wrapper gb-grid-wrapper-c5e2ab8f\">\n<div class=\"gb-grid-column gb-grid-column-62dba8c9\"><div class=\"gb-container gb-container-62dba8c9\"><div class=\"gb-inside-container\">\n\n<h4 class=\"gb-headline gb-headline-4609966b gb-headline-text\">\u00bfPOR QU\u00c9 UNA CL\u00cdNICA GRATUITA?<\/h4>\n\n\n\n<blockquote class=\"wp-block-quote is-layout-flow wp-block-quote-is-layout-flow\">\n<p>\u201cPerd\u00ed mi trabajo y ya no pod\u00eda pagar un seguro de salud. No ten\u00eda ni idea de c\u00f3mo iba a pagar mis medicamentos para la diabetes y la salud mental. Luego mi mam\u00e1 falleci\u00f3 inesperadamente\u2026 Yo estaba en una crisis\u201d.<\/p>\n<\/blockquote>\n\n\n\n<p>Esta nota de Brigette es un ejemplo de una de las m\u00e1s de 8,000 personas en el condado de Walworth que se encuentran sin seguro o sin los recursos para pagar la atenci\u00f3n m\u00e9dica. Para aquellos que no tienen la capacidad de pago, Open Arms Free Clinic es la \u00fanica cl\u00ednica de su tipo en el condado de Walworth, dedicada exclusivamente a brindar atenci\u00f3n m\u00e9dica y dental primaria a todos sus pacientes que califican, as\u00ed como atenci\u00f3n y navegaci\u00f3n continuas para aquellos con enfermedad cr\u00f3nica, todo sin cargo.<\/p>\n\n\n\n<blockquote class=\"wp-block-quote is-layout-flow wp-block-quote-is-layout-flow\">\n<p>&quot;\u2026Gracias por todo. No s\u00e9 qu\u00e9 hubiera hecho sin el atento equipo de Open Arms. Todos ustedes son verdaderos \u00c1ngeles disfrazados\u201d~ Brigette<\/p>\n<\/blockquote>\n\n<\/div><\/div><\/div>\n\n<div class=\"gb-grid-column gb-grid-column-0c5c6986\"><div class=\"gb-container gb-container-0c5c6986\"><div class=\"gb-inside-container\">\n\n<figure class=\"gb-block-image gb-block-image-1d110c4f\"><img loading=\"lazy\" decoding=\"async\" width=\"750\" height=\"750\" class=\"gb-image gb-image-1d110c4f\" src=\"https:\/\/openarmsfreeclinic.org\/wp-content\/uploads\/OAFC-2025-Leadership-Team.png\" alt=\"\" title=\"OAFC 2025 Leadership Team\" srcset=\"https:\/\/openarmsfreeclinic.org\/wp-content\/uploads\/OAFC-2025-Leadership-Team.png 750w, https:\/\/openarmsfreeclinic.org\/wp-content\/uploads\/OAFC-2025-Leadership-Team-300x300.png 300w, https:\/\/openarmsfreeclinic.org\/wp-content\/uploads\/OAFC-2025-Leadership-Team-150x150.png 150w, https:\/\/openarmsfreeclinic.org\/wp-content\/uploads\/OAFC-2025-Leadership-Team-12x12.png 12w, https:\/\/openarmsfreeclinic.org\/wp-content\/uploads\/OAFC-2025-Leadership-Team-400x400.png 400w, https:\/\/openarmsfreeclinic.org\/wp-content\/uploads\/OAFC-2025-Leadership-Team-600x600.png 600w\" sizes=\"auto, (max-width: 750px) 100vw, 750px\" \/><\/figure>\n\n<\/div><\/div><\/div>\n<\/div>\n\n<div class=\"gb-grid-wrapper gb-grid-wrapper-add4ef25\">\n<div class=\"gb-grid-column gb-grid-column-27258ed1\"><div class=\"gb-container gb-container-27258ed1\">\n\n<a class=\"gb-button gb-button-ddada6e5 gb-button-text\" href=\"https:\/\/openarmsfreeclinic.org\/es\/ways-to-help\/\"><strong>VOLUNTEER<\/strong><\/a>\n\n<\/div><\/div>\n\n<div class=\"gb-grid-column gb-grid-column-3d21102b\"><div class=\"gb-container gb-container-3d21102b\">\n\n<a class=\"gb-button gb-button-8874d533 gb-button-text\" href=\"https:\/\/openarmsfreeclinic.org\/es\/donor\/\"><strong>GIVE ONLINE<\/strong><\/a>\n\n<\/div><\/div>\n\n<div class=\"gb-grid-column gb-grid-column-2850b1a4\"><div class=\"gb-container gb-container-2850b1a4\">\n\n<a class=\"gb-button gb-button-2ede0aff gb-button-text\" href=\"https:\/\/openarmsfreeclinic.org\/es\/events\/\"><strong>EVENTS<\/strong><\/a>\n\n<\/div><\/div>\n\n<div class=\"gb-grid-column gb-grid-column-5d6d3c1f\"><div class=\"gb-container gb-container-5d6d3c1f\"><\/div><\/div>\n<\/div>\n\n\n<h3 class=\"gb-headline gb-headline-cab8458e gb-headline-text\">Nuestra misi\u00f3n<\/h3>\n\n\n\n<p>Para comprender mejor y atender con compasi\u00f3n las necesidades de salud y bienestar de los residentes sin seguro, de bajos ingresos y desatendidos del condado de Walworth. Nuestro objetivo es que nuestros pacientes y sus familias tengan la misma atenci\u00f3n primaria y atenci\u00f3n con respeto y dignidad que desear\u00edamos para nuestras familias.<\/p>\n\n\n\n<h3 class=\"gb-headline gb-headline-b3f05f2c gb-headline-text\">NUESTRO ANTECEDENTE<\/h3>\n\n\n\n<p>OAFC es una organizaci\u00f3n independiente 501(c)3 sin fines de lucro basada en la comunidad que abri\u00f3 sus puertas en 2012 para atender a las personas que m\u00e1s necesitan atenci\u00f3n m\u00e9dica. Para aquellos que no tienen la capacidad de pago, OAFC es la \u00fanica cl\u00ednica de su tipo en el condado de Walworth, dedicada exclusivamente a brindar atenci\u00f3n primaria a todos sus pacientes, as\u00ed como atenci\u00f3n y manejo continuos a las personas con enfermedades cr\u00f3nicas, todo sin cargo. El condado de Walworth, Wisconsin, est\u00e1 ubicado en la regi\u00f3n sureste del estado y las principales industrias son el turismo, la agricultura y la manufactura. OAFC atiende a los trabajadores esenciales que mantienen estas industrias, a las que la mayor\u00eda de los empleadores no ofrecen seguro m\u00e9dico. La cl\u00ednica atiende a personas de todas las edades que viven en el condado, no tienen seguro m\u00e9dico y viven en un hogar en o por debajo de 200% del <a href=\"https:\/\/aspe.hhs.gov\/topics\/poverty-economic-mobility\/poverty-guidelines\" target=\"_blank\" rel=\"noreferrer noopener\">Pautas federales de pobreza<\/a>. La fuerza impulsora que atrae a las personas a nuestra organizaci\u00f3n es el estr\u00e9s de las enfermedades cr\u00f3nicas y la presi\u00f3n econ\u00f3mica que tiene sobre las familias. Todos los servicios son gratuitos para los pacientes que califican, y esos pacientes representan los 20 pueblos, aldeas y ciudades del condado.<\/p>\n\n\n\n<h3 class=\"gb-headline gb-headline-b05cc742 gb-headline-text\">NUESTRO EQUIPO<\/h3>\n\n\n\n<p>Somos una organizaci\u00f3n impulsada por voluntarios con voluntarios compasivos que donan m\u00e1s de 12,000 horas al a\u00f1o. Los voluntarios tienen tremendos dones para dar de su tiempo y talento, sin embargo, tambi\u00e9n tienen la flexibilidad de servir (o no) seg\u00fan su conveniencia. Nuestro objetivo es brindar atenci\u00f3n m\u00e9dica como esperar\u00edamos para nuestra familia y eso significa tener coherencia con la prestaci\u00f3n de la atenci\u00f3n. En 2015, se contrat\u00f3 al primer Director Ejecutivo remunerado para brindar una base de apoyo a los voluntarios. A medida que ha crecido el apoyo financiero, tambi\u00e9n ha crecido el personal de apoyo pagado.<\/p>\n\n\n\n<h5 class=\"gb-headline gb-headline-8d300b16 gb-headline-text\"> CONOZCA NUESTRO EQUIPO DE LIDERAZGO<\/h5>\n\n\n\n<ul class=\"wp-block-list\">\n<li><strong>Director ejecutivo:<\/strong> Sara Nichols, MPH<\/li>\n<li><strong>Asistente Ejecutiva:<\/strong> laura lombardo<\/li>\n<li><strong>Deputy Director &#038; Behavioral Health Program Manager<\/strong>: Sara Schnake, LMFT-T<\/li>\n<li><strong>Culture and Systems Director:<\/strong> Shannon McCarthy<\/li>\n<li><strong>Gerente de Cl\u00ednica Dental:<\/strong> melisa sittler<\/li>\n<li><strong>Gerente de Cl\u00ednica M\u00e9dica:<\/strong> Jaime Wiley<\/li>\n<li><strong>Community<\/strong> <strong>Gerente de Programas:<\/strong> Viviana Mena Armas<\/li>\n<li><strong>Pharmacy Operations Manager:<\/strong> juan castro<\/li>\n<li><strong>Clinical Pharmacy Manager:<\/strong> Meagan Markovich, PharmD<\/li>\n<\/ul>\n\n\n\n<h3 class=\"gb-headline gb-headline-81436479 gb-headline-text\">Junta Directiva<\/h3>\n\n\n\n<h5 class=\"gb-headline gb-headline-4d674d2f gb-headline-text\">2026 Board of Directors<\/h5>\n\n\n\n<ul class=\"wp-block-list\">\n<li>Rosemary Dolatowski, MS, RN\u2013President<\/li>\n<li>John Murphy, Atty\u2013Vice President<\/li>\n<li>Phill Klamm\u2013Treasurer<\/li>\n<li>Julie Beyers, PhD\u2013Secretary<\/li>\n<\/ul>\n\n\n\n<h5 class=\"gb-headline gb-headline-77e540b9 gb-headline-text\">DIRECTORES<\/h5>\n\n\n\n<ul class=\"wp-block-list\">\n<li>Jose Cano<\/li>\n<li>Christina Dean<\/li>\n<li>Jefferey Erickson<\/li>\n<li>Isaac Hart<\/li>\n<li>Jeremy Lois, DDS<\/li>\n<li>James Lokken, Pharm. D.<\/li>\n<li>Daniel Maus<\/li>\n<li>Tedmond O&#8217;Reilly, MD<\/li>\n<\/ul>\n\n\n\n<h5 class=\"gb-headline gb-headline-43d88b8a gb-headline-text\">FUNDADOR<\/h5>\n\n\n\n<ul class=\"wp-block-list\">\n\n<li>Rev. Daniel J. Sanders<\/li>\n\n<\/ul>\n\n\n\n<figure class=\"wp-block-embed is-type-video is-provider-youtube wp-block-embed-youtube wp-embed-aspect-16-9 wp-has-aspect-ratio\"><div class=\"wp-block-embed__wrapper\">\n<iframe loading=\"lazy\" title=\"padre dan\" width=\"1200\" height=\"675\" src=\"https:\/\/www.youtube.com\/embed\/TL5aDdbf3jc?feature=oembed\" frameborder=\"0\" allow=\"accelerometer; autoplay; clipboard-write; encrypted-media; gyroscope; picture-in-picture; web-share\" referrerpolicy=\"strict-origin-when-cross-origin\" allowfullscreen><\/iframe>\n<\/div><\/figure>","protected":false},"excerpt":{"rendered":"<p>Our Mission To better understand and serve with compassion the health and wellness needs of the uninsured, low income, and underserved residents of Walworth County. Our goal is for our patients and their families to have the same primary care and attention with respect and dignity we would want for our families. OUR BACKGROUND OAFC &#8230; <a title=\"Acerca de\" class=\"read-more\" href=\"https:\/\/openarmsfreeclinic.org\/es\/about-us\/\" aria-label=\"Leer m\u00e1s sobre About\">Leer m\u00e1s<\/a><\/p>","protected":false},"author":1,"featured_media":0,"parent":0,"menu_order":50,"comment_status":"closed","ping_status":"closed","template":"","meta":{"footnotes":""},"class_list":["post-11","page","type-page","status-publish"],"yoast_head":"<!-- This site is optimized with the Yoast SEO plugin v27.2 - https:\/\/yoast.com\/product\/yoast-seo-wordpress\/ -->\n<title>About - Open Arms Free Clinic<\/title>\n<meta name=\"description\" content=\"For those without the ability to pay, the Open Arms Free Clinic is the only clinic of its kind in Walworth County\" \/>\n<meta name=\"robots\" content=\"index, follow, max-snippet:-1, max-image-preview:large, max-video-preview:-1\" \/>\n<link rel=\"canonical\" href=\"https:\/\/openarmsfreeclinic.org\/es\/about-us\/\" \/>\n<meta property=\"og:locale\" content=\"es_MX\" \/>\n<meta property=\"og:type\" content=\"article\" \/>\n<meta property=\"og:title\" content=\"About - Open Arms Free Clinic\" \/>\n<meta property=\"og:description\" content=\"For those without the ability to pay, the Open Arms Free Clinic is the only clinic of its kind in Walworth County\" \/>\n<meta property=\"og:url\" content=\"https:\/\/openarmsfreeclinic.org\/es\/about-us\/\" \/>\n<meta property=\"og:site_name\" content=\"Open Arms Free Clinic\" \/>\n<meta property=\"article:modified_time\" content=\"2026-03-16T21:11:54+00:00\" \/>\n<meta property=\"og:image\" content=\"https:\/\/openarmsfreeclinic.org\/wp-content\/uploads\/OAFC-2025-Leadership-Team.png\" \/>\n<meta name=\"twitter:card\" content=\"summary_large_image\" \/>\n<meta name=\"twitter:label1\" content=\"Tiempo de lectura\" \/>\n\t<meta name=\"twitter:data1\" content=\"3 minutos\" \/>\n<script type=\"application\/ld+json\" class=\"yoast-schema-graph\">{\"@context\":\"https:\/\/schema.org\",\"@graph\":[{\"@type\":\"WebPage\",\"@id\":\"https:\/\/openarmsfreeclinic.org\/about-us\/\",\"url\":\"https:\/\/openarmsfreeclinic.org\/about-us\/\",\"name\":\"About - Open Arms Free Clinic\",\"isPartOf\":{\"@id\":\"https:\/\/openarmsfreeclinic.org\/#website\"},\"primaryImageOfPage\":{\"@id\":\"https:\/\/openarmsfreeclinic.org\/about-us\/#primaryimage\"},\"image\":{\"@id\":\"https:\/\/openarmsfreeclinic.org\/about-us\/#primaryimage\"},\"thumbnailUrl\":\"https:\/\/openarmsfreeclinic.org\/wp-content\/uploads\/OAFC-2025-Leadership-Team.png\",\"datePublished\":\"2022-05-31T15:16:10+00:00\",\"dateModified\":\"2026-03-16T21:11:54+00:00\",\"description\":\"For those without the ability to pay, the Open Arms Free Clinic is the only clinic of its kind in Walworth County\",\"breadcrumb\":{\"@id\":\"https:\/\/openarmsfreeclinic.org\/about-us\/#breadcrumb\"},\"inLanguage\":\"es\",\"potentialAction\":[{\"@type\":\"ReadAction\",\"target\":[\"https:\/\/openarmsfreeclinic.org\/about-us\/\"]}]},{\"@type\":\"ImageObject\",\"inLanguage\":\"es\",\"@id\":\"https:\/\/openarmsfreeclinic.org\/about-us\/#primaryimage\",\"url\":\"https:\/\/openarmsfreeclinic.org\/wp-content\/uploads\/OAFC-2025-Leadership-Team.png\",\"contentUrl\":\"https:\/\/openarmsfreeclinic.org\/wp-content\/uploads\/OAFC-2025-Leadership-Team.png\"},{\"@type\":\"BreadcrumbList\",\"@id\":\"https:\/\/openarmsfreeclinic.org\/about-us\/#breadcrumb\",\"itemListElement\":[{\"@type\":\"ListItem\",\"position\":1,\"name\":\"Home\",\"item\":\"https:\/\/openarmsfreeclinic.org\/\"},{\"@type\":\"ListItem\",\"position\":2,\"name\":\"About\"}]},{\"@type\":\"WebSite\",\"@id\":\"https:\/\/openarmsfreeclinic.org\/#website\",\"url\":\"https:\/\/openarmsfreeclinic.org\/\",\"name\":\"Open Arms Free Clinic\",\"description\":\"Free Medical and Supportive Care Clinic\",\"publisher\":{\"@id\":\"https:\/\/openarmsfreeclinic.org\/#organization\"},\"potentialAction\":[{\"@type\":\"SearchAction\",\"target\":{\"@type\":\"EntryPoint\",\"urlTemplate\":\"https:\/\/openarmsfreeclinic.org\/?s={search_term_string}\"},\"query-input\":{\"@type\":\"PropertyValueSpecification\",\"valueRequired\":true,\"valueName\":\"search_term_string\"}}],\"inLanguage\":\"es\"},{\"@type\":\"Organization\",\"@id\":\"https:\/\/openarmsfreeclinic.org\/#organization\",\"name\":\"Open Arms Free Clinic\",\"url\":\"https:\/\/openarmsfreeclinic.org\/\",\"logo\":{\"@type\":\"ImageObject\",\"inLanguage\":\"es\",\"@id\":\"https:\/\/openarmsfreeclinic.org\/#\/schema\/logo\/image\/\",\"url\":\"https:\/\/openarmsfreeclinic.org\/wp-content\/uploads\/OpenArms_logo_1.png\",\"contentUrl\":\"https:\/\/openarmsfreeclinic.org\/wp-content\/uploads\/OpenArms_logo_1.png\",\"width\":204,\"height\":136,\"caption\":\"Open Arms Free Clinic\"},\"image\":{\"@id\":\"https:\/\/openarmsfreeclinic.org\/#\/schema\/logo\/image\/\"}}]}<\/script>\n<!-- \/ Yoast SEO plugin. -->","yoast_head_json":{"title":"About - Open Arms Free Clinic","description":"For those without the ability to pay, the Open Arms Free Clinic is the only clinic of its kind in Walworth County","robots":{"index":"index","follow":"follow","max-snippet":"max-snippet:-1","max-image-preview":"max-image-preview:large","max-video-preview":"max-video-preview:-1"},"canonical":"https:\/\/openarmsfreeclinic.org\/es\/about-us\/","og_locale":"es_MX","og_type":"article","og_title":"About - Open Arms Free Clinic","og_description":"For those without the ability to pay, the Open Arms Free Clinic is the only clinic of its kind in Walworth County","og_url":"https:\/\/openarmsfreeclinic.org\/es\/about-us\/","og_site_name":"Open Arms Free Clinic","article_modified_time":"2026-03-16T21:11:54+00:00","og_image":[{"url":"https:\/\/openarmsfreeclinic.org\/wp-content\/uploads\/OAFC-2025-Leadership-Team.png","type":"","width":"","height":""}],"twitter_card":"summary_large_image","twitter_misc":{"Tiempo de lectura":"3 minutos"},"schema":{"@context":"https:\/\/schema.org","@graph":[{"@type":"WebPage","@id":"https:\/\/openarmsfreeclinic.org\/about-us\/","url":"https:\/\/openarmsfreeclinic.org\/about-us\/","name":"About - Open Arms Free Clinic","isPartOf":{"@id":"https:\/\/openarmsfreeclinic.org\/#website"},"primaryImageOfPage":{"@id":"https:\/\/openarmsfreeclinic.org\/about-us\/#primaryimage"},"image":{"@id":"https:\/\/openarmsfreeclinic.org\/about-us\/#primaryimage"},"thumbnailUrl":"https:\/\/openarmsfreeclinic.org\/wp-content\/uploads\/OAFC-2025-Leadership-Team.png","datePublished":"2022-05-31T15:16:10+00:00","dateModified":"2026-03-16T21:11:54+00:00","description":"For those without the ability to pay, the Open Arms Free Clinic is the only clinic of its kind in Walworth County","breadcrumb":{"@id":"https:\/\/openarmsfreeclinic.org\/about-us\/#breadcrumb"},"inLanguage":"es","potentialAction":[{"@type":"ReadAction","target":["https:\/\/openarmsfreeclinic.org\/about-us\/"]}]},{"@type":"ImageObject","inLanguage":"es","@id":"https:\/\/openarmsfreeclinic.org\/about-us\/#primaryimage","url":"https:\/\/openarmsfreeclinic.org\/wp-content\/uploads\/OAFC-2025-Leadership-Team.png","contentUrl":"https:\/\/openarmsfreeclinic.org\/wp-content\/uploads\/OAFC-2025-Leadership-Team.png"},{"@type":"BreadcrumbList","@id":"https:\/\/openarmsfreeclinic.org\/about-us\/#breadcrumb","itemListElement":[{"@type":"ListItem","position":1,"name":"Home","item":"https:\/\/openarmsfreeclinic.org\/"},{"@type":"ListItem","position":2,"name":"About"}]},{"@type":"WebSite","@id":"https:\/\/openarmsfreeclinic.org\/#website","url":"https:\/\/openarmsfreeclinic.org\/","name":"Cl\u00ednica Gratuita de Brazos Abiertos","description":"Free Medical and Supportive Care Clinic","publisher":{"@id":"https:\/\/openarmsfreeclinic.org\/#organization"},"potentialAction":[{"@type":"SearchAction","target":{"@type":"EntryPoint","urlTemplate":"https:\/\/openarmsfreeclinic.org\/?s={search_term_string}"},"query-input":{"@type":"PropertyValueSpecification","valueRequired":true,"valueName":"search_term_string"}}],"inLanguage":"es"},{"@type":"Organization","@id":"https:\/\/openarmsfreeclinic.org\/#organization","name":"Cl\u00ednica Gratuita de Brazos Abiertos","url":"https:\/\/openarmsfreeclinic.org\/","logo":{"@type":"ImageObject","inLanguage":"es","@id":"https:\/\/openarmsfreeclinic.org\/#\/schema\/logo\/image\/","url":"https:\/\/openarmsfreeclinic.org\/wp-content\/uploads\/OpenArms_logo_1.png","contentUrl":"https:\/\/openarmsfreeclinic.org\/wp-content\/uploads\/OpenArms_logo_1.png","width":204,"height":136,"caption":"Open Arms Free Clinic"},"image":{"@id":"https:\/\/openarmsfreeclinic.org\/#\/schema\/logo\/image\/"}}]}},"_links":{"self":[{"href":"https:\/\/openarmsfreeclinic.org\/es\/wp-json\/wp\/v2\/pages\/11","targetHints":{"allow":["GET"]}}],"collection":[{"href":"https:\/\/openarmsfreeclinic.org\/es\/wp-json\/wp\/v2\/pages"}],"about":[{"href":"https:\/\/openarmsfreeclinic.org\/es\/wp-json\/wp\/v2\/types\/page"}],"author":[{"embeddable":true,"href":"https:\/\/openarmsfreeclinic.org\/es\/wp-json\/wp\/v2\/users\/1"}],"replies":[{"embeddable":true,"href":"https:\/\/openarmsfreeclinic.org\/es\/wp-json\/wp\/v2\/comments?post=11"}],"version-history":[{"count":0,"href":"https:\/\/openarmsfreeclinic.org\/es\/wp-json\/wp\/v2\/pages\/11\/revisions"}],"wp:attachment":[{"href":"https:\/\/openarmsfreeclinic.org\/es\/wp-json\/wp\/v2\/media?parent=11"}],"curies":[{"name":"wp","href":"https:\/\/api.w.org\/{rel}","templated":true}]}}