{"id":22,"date":"2022-05-31T10:21:03","date_gmt":"2022-05-31T15:21:03","guid":{"rendered":"https:\/\/openarmsfreeclinic.org\/?page_id=22"},"modified":"2025-07-09T10:33:12","modified_gmt":"2025-07-09T15:33:12","slug":"home","status":"publish","type":"page","link":"https:\/\/openarmsfreeclinic.org\/es\/","title":{"rendered":"Home"},"content":{"rendered":"<div class=\"gb-container gb-container-e7046cb2\"><div class=\"gb-inside-container\">\n<div class=\"gb-grid-wrapper gb-grid-wrapper-f5431514\">\n<div class=\"gb-grid-column gb-grid-column-ba85baf6\"><div class=\"gb-container gb-container-ba85baf6\"><div class=\"gb-inside-container\">\n<div class=\"gb-container gb-container-71e68d42\"><div class=\"gb-inside-container\">\n\n<h1 class=\"gb-headline gb-headline-32e9b06f gb-headline-text\">Bienvenido<\/h1>\n\n\n\n<p>Open Arms Free Clinic brinda servicios m\u00e9dicos primarios, dentales, de salud del comportamiento, de laboratorio y de medicamentos integrales sin cargo para los residentes que califican. Creemos que todos tienen derecho a la atenci\u00f3n m\u00e9dica b\u00e1sica.<\/p>\n\n\n\n<p><em>\u201cSi no tenemos paz es porque nos hemos olvidado que nos pertenecemos unos a otros\u201d. - Madre Teresa<\/em><\/p>\n\n\n\n<p>Contin\u00fae para obtener m\u00e1s informaci\u00f3n sobre nuestros servicios, c\u00f3mo convertirse en paciente y c\u00f3mo apoyar la misi\u00f3n.<\/p>\n\n\n\n<h2 class=\"gb-headline gb-headline-2e27ef71 gb-headline-text\">Pacientes<\/h2>\n\n\n\n<h4 class=\"gb-headline gb-headline-1fea7a23 gb-headline-text\">Los trabajadores esenciales y sus familias en <br>Condado de Walworth.<\/h4>\n\n\n\n<h3 class=\"gb-headline gb-headline-a30c36f0 gb-headline-text\">\u00bfQui\u00e9n califica para los servicios?<\/h3>\n\n\n<div class=\"gb-container gb-container-012d8618\"><div class=\"gb-inside-container\">\n\n<p class=\"gb-headline gb-headline-c9802c2e\"><span class=\"gb-icon\"><svg>       <circle cy=\"12\" cx=\"12\" fill=\"var(--accent-2)\" r=\"40%\"><\/circle>       <text style=\"font-weight: bold;\" x=\"8\" y=\"18\" font-size=\"17px\" fill=\"white\">1<\/text>     <\/svg><\/span><span class=\"gb-headline-text\">Vive o trabaja en el condado de Walworth<\/span><\/p>\n\n\n\n<p class=\"gb-headline gb-headline-536549c4\"><span class=\"gb-icon\"><svg>       <circle cy=\"12\" cx=\"12\" fill=\"var(--accent-2)\" r=\"40%\"><\/circle>       <text style=\"font-weight: bold;\" x=\"8\" y=\"18\" font-size=\"17px\" fill=\"white\">2<\/text>     <\/svg><\/span><span class=\"gb-headline-text\">Ingreso familiar limitado<\/span><\/p>\n\n\n\n<p class=\"gb-headline gb-headline-f854811a\"><span class=\"gb-icon\"><svg>       <circle cy=\"12\" cx=\"12\" fill=\"var(--accent-2)\" r=\"40%\"><\/circle>       <text style=\"font-weight: bold;\" x=\"8\" y=\"18\" font-size=\"17px\" fill=\"white\">3<\/text>     <\/svg><\/span><span class=\"gb-headline-text\">No tener seguro de salud<\/span><\/p>\n\n\n\n<p class=\"gb-headline gb-headline-127d59dc\"><span class=\"gb-icon\"><svg>       <circle r=\"40%\" fill=\"var(--accent-2)\" cx=\"12\" cy=\"12\"><\/circle>       <text fill=\"white\" font-size=\"17px\" y=\"18\" x=\"8\" style=\"font-weight: bold;\">4<\/text>     <\/svg><\/span><span class=\"gb-headline-text\">Solo para servicios dentales, el seguro estatal (llamado Medicaid) <br>o BadgerCare) es aceptado<\/span><\/p>\n\n<\/div><\/div>\n\n\n<h3 class=\"gb-headline gb-headline-b9dece5c gb-headline-text\">Pasos para convertirse en paciente<\/h3>\n\n\n<div class=\"gb-container gb-container-919fbe27\"><div class=\"gb-inside-container\">\n\n<p class=\"gb-headline gb-headline-72e42761\"><span class=\"gb-icon\"><svg>       <circle cy=\"12\" cx=\"12\" fill=\"var(--accent-2)\" r=\"40%\"><\/circle>       <text style=\"font-weight: bold;\" x=\"8\" y=\"18\" font-size=\"17px\" fill=\"white\">1<\/text>     <\/svg><\/span><span class=\"gb-headline-text\">Revisa nuestra lista de disponibles <a href=\"https:\/\/openarmsfreeclinic.org\/es\/services\/\">servicios<\/a><\/span><\/p>\n\n\n\n<p class=\"gb-headline gb-headline-cbaa3c23\"><span class=\"gb-icon\"><svg>       <circle cy=\"12\" cx=\"12\" fill=\"var(--accent-2)\" r=\"40%\"><\/circle>       <text style=\"font-weight: bold;\" x=\"8\" y=\"18\" font-size=\"17px\" fill=\"white\">2<\/text>     <\/svg><\/span><span class=\"gb-headline-text\">Rellene el formulario de registro del paciente<\/span><\/p>\n\n\n<div class=\"gb-button-wrapper gb-button-wrapper-9a79370e\">\n\n<a class=\"gb-button gb-button-a8a20a65 gb-button-text\" href=\"https:\/\/forms.myupdox.com\/form\/162659\" target=\"_blank\" rel=\"noopener noreferrer\">Registro \u2013 <br>Ingl\u00e9s<\/a>\n\n\n\n<a class=\"gb-button gb-button-7a2f1ba6 gb-button-text\" href=\"https:\/\/forms.myupdox.com\/form\/164688\" target=\"_blank\" rel=\"noopener noreferrer\">Registro \u2013<br>espa\u00f1ol<\/a>\n\n<\/div>\n\n\n<p><\/p>\n\n\n\n<p class=\"gb-headline gb-headline-e6a66fb1\"><span class=\"gb-icon\"><svg>       <circle cy=\"12\" cx=\"12\" fill=\"var(--accent-2)\" r=\"40%\"><\/circle>       <text style=\"font-weight: bold;\" x=\"8\" y=\"18\" font-size=\"17px\" fill=\"white\">3<\/text>     <\/svg><\/span><span class=\"gb-headline-text\">Un miembro de nuestro equipo llamar\u00e1 para programar una entrevista de admisi\u00f3n.<\/span><\/p>\n\n\n\n<p class=\"gb-headline gb-headline-a97545c7\"><span class=\"gb-icon\"><svg>       <circle r=\"40%\" fill=\"var(--accent-2)\" cx=\"12\" cy=\"12\"><\/circle>       <text fill=\"white\" font-size=\"17px\" y=\"18\" x=\"8\" style=\"font-weight: bold;\">4<\/text>     <\/svg><\/span><span class=\"gb-headline-text\">Despu\u00e9s de la entrevista de admisi\u00f3n, los pacientes calificados ser\u00e1n programados para la cita de servicio solicitada. Para aquellos que no califican para Open Arms, los miembros de nuestro equipo dedicar\u00e1n tiempo a ayudar a las personas a buscar otros recursos que puedan satisfacer sus necesidades inmediatas.<\/span><\/p>\n\n<\/div><\/div>\n<\/div><\/div>\n<\/div><\/div><\/div>\n\n<div class=\"gb-grid-column gb-grid-column-e143a599\"><div class=\"gb-container gb-container-e143a599\"><div class=\"gb-inside-container\">\n<div class=\"wp-block-image hide-on-desktop is-style-default\">\n<figure class=\"aligncenter size-large\"><img loading=\"lazy\" decoding=\"async\" width=\"843\" height=\"1024\" src=\"https:\/\/openarmsfreeclinic.org\/wp-content\/uploads\/OpenArms-HomepageGraphic-Mobile-921x1139-V4-843x1024.gif\" alt=\"\" class=\"wp-image-476\" srcset=\"https:\/\/openarmsfreeclinic.org\/wp-content\/uploads\/OpenArms-HomepageGraphic-Mobile-921x1139-V4-843x1024.gif 843w, https:\/\/openarmsfreeclinic.org\/wp-content\/uploads\/OpenArms-HomepageGraphic-Mobile-921x1139-V4-247x300.gif 247w, https:\/\/openarmsfreeclinic.org\/wp-content\/uploads\/OpenArms-HomepageGraphic-Mobile-921x1139-V4-768x933.gif 768w, https:\/\/openarmsfreeclinic.org\/wp-content\/uploads\/OpenArms-HomepageGraphic-Mobile-921x1139-V4-10x12.gif 10w\" sizes=\"auto, (max-width: 843px) 100vw, 843px\" \/><\/figure>\n<\/div>\n\n<div class=\"gb-container gb-container-1d67ecff home-reg-cta\"><div class=\"gb-inside-container\">\n<div class=\"gb-grid-wrapper gb-grid-wrapper-d580b8f3\">\n<div class=\"gb-grid-column gb-grid-column-b1a7a454\"><div class=\"gb-container gb-container-b1a7a454\"><div class=\"gb-inside-container\">\n\n<p class=\"has-text-align-center home-reg-mobile has-small-font-size\"><a data-type=\"page\" data-id=\"6\" href=\"https:\/\/openarmsfreeclinic.org\/es\/patients\/\"><strong> Registro<\/strong><\/a><br><a data-type=\"page\" data-id=\"6\" href=\"https:\/\/openarmsfreeclinic.org\/es\/patients\/\"><strong> ser un<\/strong><\/a><br><a data-type=\"page\" data-id=\"6\" href=\"https:\/\/openarmsfreeclinic.org\/es\/patients\/\"><strong> \u00a1paciente!<\/strong><\/a><\/p>\n\n<\/div><\/div><\/div>\n<\/div>\n<\/div><\/div>\n<\/div><\/div><\/div>\n<\/div>\n<\/div><\/div>","protected":false},"excerpt":{"rendered":"","protected":false},"author":1,"featured_media":0,"parent":0,"menu_order":0,"comment_status":"closed","ping_status":"closed","template":"","meta":{"footnotes":""},"class_list":["post-22","page","type-page","status-publish"],"yoast_head":"<!-- This site is optimized with the Yoast SEO plugin v27.4 - https:\/\/yoast.com\/product\/yoast-seo-wordpress\/ -->\n<title>Home - Open Arms Free Clinic<\/title>\n<meta name=\"description\" content=\"Open Arms provides comprehensive primary medical, dental, behavioral health, lab, and medication services at no charge for those qualified.\" \/>\n<meta name=\"robots\" content=\"index, follow, max-snippet:-1, max-image-preview:large, max-video-preview:-1\" \/>\n<link rel=\"canonical\" href=\"https:\/\/openarmsfreeclinic.org\/es\/\" \/>\n<meta property=\"og:locale\" content=\"es_MX\" \/>\n<meta property=\"og:type\" content=\"article\" \/>\n<meta property=\"og:title\" content=\"Home - Open Arms Free Clinic\" \/>\n<meta property=\"og:description\" content=\"Open Arms provides comprehensive primary medical, dental, behavioral health, lab, and medication services at no charge for those qualified.\" \/>\n<meta property=\"og:url\" content=\"https:\/\/openarmsfreeclinic.org\/es\/\" \/>\n<meta property=\"og:site_name\" content=\"Open Arms Free Clinic\" \/>\n<meta property=\"article:modified_time\" content=\"2025-07-09T15:33:12+00:00\" \/>\n<meta property=\"og:image\" content=\"https:\/\/openarmsfreeclinic.org\/wp-content\/uploads\/OpenArms-HomepageGraphic-Mobile-921x1139-V4.gif\" \/>\n\t<meta property=\"og:image:width\" content=\"924\" \/>\n\t<meta property=\"og:image:height\" content=\"1122\" \/>\n\t<meta property=\"og:image:type\" content=\"image\/gif\" \/>\n<meta name=\"twitter:card\" content=\"summary_large_image\" \/>\n<meta name=\"twitter:label1\" content=\"Tiempo de lectura\" \/>\n\t<meta name=\"twitter:data1\" content=\"2 minutos\" \/>\n<script type=\"application\/ld+json\" class=\"yoast-schema-graph\">{\"@context\":\"https:\\\/\\\/schema.org\",\"@graph\":[{\"@type\":\"WebPage\",\"@id\":\"https:\\\/\\\/openarmsfreeclinic.org\\\/\",\"url\":\"https:\\\/\\\/openarmsfreeclinic.org\\\/\",\"name\":\"Home - Open Arms Free Clinic\",\"isPartOf\":{\"@id\":\"https:\\\/\\\/openarmsfreeclinic.org\\\/#website\"},\"primaryImageOfPage\":{\"@id\":\"https:\\\/\\\/openarmsfreeclinic.org\\\/#primaryimage\"},\"image\":{\"@id\":\"https:\\\/\\\/openarmsfreeclinic.org\\\/#primaryimage\"},\"thumbnailUrl\":\"https:\\\/\\\/openarmsfreeclinic.org\\\/wp-content\\\/uploads\\\/OpenArms-HomepageGraphic-Mobile-921x1139-V4-843x1024.gif\",\"datePublished\":\"2022-05-31T15:21:03+00:00\",\"dateModified\":\"2025-07-09T15:33:12+00:00\",\"description\":\"Open Arms provides comprehensive primary medical, dental, behavioral health, lab, and medication services at no charge for those qualified.\",\"breadcrumb\":{\"@id\":\"https:\\\/\\\/openarmsfreeclinic.org\\\/#breadcrumb\"},\"inLanguage\":\"es\",\"potentialAction\":[{\"@type\":\"ReadAction\",\"target\":[\"https:\\\/\\\/openarmsfreeclinic.org\\\/\"]}]},{\"@type\":\"ImageObject\",\"inLanguage\":\"es\",\"@id\":\"https:\\\/\\\/openarmsfreeclinic.org\\\/#primaryimage\",\"url\":\"https:\\\/\\\/openarmsfreeclinic.org\\\/wp-content\\\/uploads\\\/OpenArms-HomepageGraphic-Mobile-921x1139-V4-843x1024.gif\",\"contentUrl\":\"https:\\\/\\\/openarmsfreeclinic.org\\\/wp-content\\\/uploads\\\/OpenArms-HomepageGraphic-Mobile-921x1139-V4-843x1024.gif\"},{\"@type\":\"BreadcrumbList\",\"@id\":\"https:\\\/\\\/openarmsfreeclinic.org\\\/#breadcrumb\",\"itemListElement\":[{\"@type\":\"ListItem\",\"position\":1,\"name\":\"Home\",\"item\":\"https:\\\/\\\/openarmsfreeclinic.org\\\/\"},{\"@type\":\"ListItem\",\"position\":2,\"name\":\"Home\"}]},{\"@type\":\"WebSite\",\"@id\":\"https:\\\/\\\/openarmsfreeclinic.org\\\/#website\",\"url\":\"https:\\\/\\\/openarmsfreeclinic.org\\\/\",\"name\":\"Open Arms Free Clinic\",\"description\":\"Free Medical and Supportive Care Clinic\",\"publisher\":{\"@id\":\"https:\\\/\\\/openarmsfreeclinic.org\\\/#organization\"},\"potentialAction\":[{\"@type\":\"SearchAction\",\"target\":{\"@type\":\"EntryPoint\",\"urlTemplate\":\"https:\\\/\\\/openarmsfreeclinic.org\\\/?s={search_term_string}\"},\"query-input\":{\"@type\":\"PropertyValueSpecification\",\"valueRequired\":true,\"valueName\":\"search_term_string\"}}],\"inLanguage\":\"es\"},{\"@type\":\"Organization\",\"@id\":\"https:\\\/\\\/openarmsfreeclinic.org\\\/#organization\",\"name\":\"Open Arms Free Clinic\",\"url\":\"https:\\\/\\\/openarmsfreeclinic.org\\\/\",\"logo\":{\"@type\":\"ImageObject\",\"inLanguage\":\"es\",\"@id\":\"https:\\\/\\\/openarmsfreeclinic.org\\\/#\\\/schema\\\/logo\\\/image\\\/\",\"url\":\"https:\\\/\\\/openarmsfreeclinic.org\\\/wp-content\\\/uploads\\\/OpenArms_logo_1.png\",\"contentUrl\":\"https:\\\/\\\/openarmsfreeclinic.org\\\/wp-content\\\/uploads\\\/OpenArms_logo_1.png\",\"width\":204,\"height\":136,\"caption\":\"Open Arms Free Clinic\"},\"image\":{\"@id\":\"https:\\\/\\\/openarmsfreeclinic.org\\\/#\\\/schema\\\/logo\\\/image\\\/\"}}]}<\/script>\n<!-- \/ Yoast SEO plugin. -->","yoast_head_json":{"title":"Home - Open Arms Free Clinic","description":"Open Arms provides comprehensive primary medical, dental, behavioral health, lab, and medication services at no charge for those qualified.","robots":{"index":"index","follow":"follow","max-snippet":"max-snippet:-1","max-image-preview":"max-image-preview:large","max-video-preview":"max-video-preview:-1"},"canonical":"https:\/\/openarmsfreeclinic.org\/es\/","og_locale":"es_MX","og_type":"article","og_title":"Home - Open Arms Free Clinic","og_description":"Open Arms provides comprehensive primary medical, dental, behavioral health, lab, and medication services at no charge for those qualified.","og_url":"https:\/\/openarmsfreeclinic.org\/es\/","og_site_name":"Open Arms Free Clinic","article_modified_time":"2025-07-09T15:33:12+00:00","og_image":[{"width":924,"height":1122,"url":"https:\/\/openarmsfreeclinic.org\/wp-content\/uploads\/OpenArms-HomepageGraphic-Mobile-921x1139-V4.gif","type":"image\/gif"}],"twitter_card":"summary_large_image","twitter_misc":{"Tiempo de lectura":"2 minutos"},"schema":{"@context":"https:\/\/schema.org","@graph":[{"@type":"WebPage","@id":"https:\/\/openarmsfreeclinic.org\/","url":"https:\/\/openarmsfreeclinic.org\/","name":"Home - Open Arms Free Clinic","isPartOf":{"@id":"https:\/\/openarmsfreeclinic.org\/#website"},"primaryImageOfPage":{"@id":"https:\/\/openarmsfreeclinic.org\/#primaryimage"},"image":{"@id":"https:\/\/openarmsfreeclinic.org\/#primaryimage"},"thumbnailUrl":"https:\/\/openarmsfreeclinic.org\/wp-content\/uploads\/OpenArms-HomepageGraphic-Mobile-921x1139-V4-843x1024.gif","datePublished":"2022-05-31T15:21:03+00:00","dateModified":"2025-07-09T15:33:12+00:00","description":"Open Arms provides comprehensive primary medical, dental, behavioral health, lab, and medication services at no charge for those qualified.","breadcrumb":{"@id":"https:\/\/openarmsfreeclinic.org\/#breadcrumb"},"inLanguage":"es","potentialAction":[{"@type":"ReadAction","target":["https:\/\/openarmsfreeclinic.org\/"]}]},{"@type":"ImageObject","inLanguage":"es","@id":"https:\/\/openarmsfreeclinic.org\/#primaryimage","url":"https:\/\/openarmsfreeclinic.org\/wp-content\/uploads\/OpenArms-HomepageGraphic-Mobile-921x1139-V4-843x1024.gif","contentUrl":"https:\/\/openarmsfreeclinic.org\/wp-content\/uploads\/OpenArms-HomepageGraphic-Mobile-921x1139-V4-843x1024.gif"},{"@type":"BreadcrumbList","@id":"https:\/\/openarmsfreeclinic.org\/#breadcrumb","itemListElement":[{"@type":"ListItem","position":1,"name":"Home","item":"https:\/\/openarmsfreeclinic.org\/"},{"@type":"ListItem","position":2,"name":"Home"}]},{"@type":"WebSite","@id":"https:\/\/openarmsfreeclinic.org\/#website","url":"https:\/\/openarmsfreeclinic.org\/","name":"Cl\u00ednica Gratuita de Brazos Abiertos","description":"Free Medical and Supportive Care Clinic","publisher":{"@id":"https:\/\/openarmsfreeclinic.org\/#organization"},"potentialAction":[{"@type":"SearchAction","target":{"@type":"EntryPoint","urlTemplate":"https:\/\/openarmsfreeclinic.org\/?s={search_term_string}"},"query-input":{"@type":"PropertyValueSpecification","valueRequired":true,"valueName":"search_term_string"}}],"inLanguage":"es"},{"@type":"Organization","@id":"https:\/\/openarmsfreeclinic.org\/#organization","name":"Cl\u00ednica Gratuita de Brazos Abiertos","url":"https:\/\/openarmsfreeclinic.org\/","logo":{"@type":"ImageObject","inLanguage":"es","@id":"https:\/\/openarmsfreeclinic.org\/#\/schema\/logo\/image\/","url":"https:\/\/openarmsfreeclinic.org\/wp-content\/uploads\/OpenArms_logo_1.png","contentUrl":"https:\/\/openarmsfreeclinic.org\/wp-content\/uploads\/OpenArms_logo_1.png","width":204,"height":136,"caption":"Open Arms Free Clinic"},"image":{"@id":"https:\/\/openarmsfreeclinic.org\/#\/schema\/logo\/image\/"}}]}},"_links":{"self":[{"href":"https:\/\/openarmsfreeclinic.org\/es\/wp-json\/wp\/v2\/pages\/22","targetHints":{"allow":["GET"]}}],"collection":[{"href":"https:\/\/openarmsfreeclinic.org\/es\/wp-json\/wp\/v2\/pages"}],"about":[{"href":"https:\/\/openarmsfreeclinic.org\/es\/wp-json\/wp\/v2\/types\/page"}],"author":[{"embeddable":true,"href":"https:\/\/openarmsfreeclinic.org\/es\/wp-json\/wp\/v2\/users\/1"}],"replies":[{"embeddable":true,"href":"https:\/\/openarmsfreeclinic.org\/es\/wp-json\/wp\/v2\/comments?post=22"}],"version-history":[{"count":0,"href":"https:\/\/openarmsfreeclinic.org\/es\/wp-json\/wp\/v2\/pages\/22\/revisions"}],"wp:attachment":[{"href":"https:\/\/openarmsfreeclinic.org\/es\/wp-json\/wp\/v2\/media?parent=22"}],"curies":[{"name":"wp","href":"https:\/\/api.w.org\/{rel}","templated":true}]}}