{"id":322,"date":"2023-01-06T13:35:32","date_gmt":"2023-01-06T19:35:32","guid":{"rendered":"https:\/\/openarmsfreeclinic.org\/?page_id=322"},"modified":"2025-01-07T16:25:04","modified_gmt":"2025-01-07T22:25:04","slug":"vision","status":"publish","type":"page","link":"https:\/\/openarmsfreeclinic.org\/es\/services\/vision\/","title":{"rendered":"Visi\u00f3n"},"content":{"rendered":"<h4 class=\"gb-headline gb-headline-b4b1abd6 gb-headline-text\"><em>\u201c\u00bfPuede ocurrir un milagro mayor que mirarnos a los ojos por un instante? \u201d <\/em><br><em>- Henry David Thoreau<\/em><\/h4>\n\n\n<div class=\"gb-grid-wrapper gb-grid-wrapper-59f32613\">\n<div class=\"gb-grid-column gb-grid-column-92c21c99\"><div class=\"gb-container gb-container-92c21c99\"><div class=\"gb-inside-container\">\n\n<h4 class=\"gb-headline gb-headline-94c4a80c gb-headline-text\"><strong>Servicios de la vista que ofrece la OAFC<\/strong><\/h4>\n\n\n\n<ul class=\"wp-block-list\">\n\n<li>Ex\u00e1menes b\u00e1sicos de la vista<\/li>\n\n\n<li>Ex\u00e1menes de la vista para diab\u00e9ticos<\/li>\n\n\n<li>Pantalla de retina<\/li>\n\n\n<li>Terapia con medicamentos<\/li>\n\n\n<li>Anteojos<\/li>\n\n\n<li>Remisi\u00f3n a atenci\u00f3n especializada m\u00e9dicamente necesaria<\/li>\n\n<\/ul>\n\n\n\n<p>Otros servicios prestados se pueden encontrar en p\u00e1ginas dedicadas a:<br>Coordinaci\u00f3n m\u00e9dica, de salud conductual, dental y de atenci\u00f3n<\/p>\n\n\n\n<h4 class=\"gb-headline gb-headline-bde632b0 gb-headline-text\"><strong>Servicios que OAFC NO proporciona<\/strong><\/h4>\n\n\n\n<p>Procedimientos cosm\u00e9ticos<br>Lasik u otras cirug\u00edas electivas<\/p>\n\n\n\n<h4 class=\"gb-headline gb-headline-2b682168 gb-headline-text\"><strong>Tarifa para ver al m\u00e9dico o recibir servicios<\/strong><\/h4>\n\n\n\n<p>Todos los servicios son gratuitos para los pacientes que califican.<br><br>Obtenga m\u00e1s informaci\u00f3n sobre c\u00f3mo calificar en nuestra p\u00e1gina de Pacientes en nuestro sitio web.<\/p>\n\n\n\n<h4 class=\"gb-headline gb-headline-a2261352 gb-headline-text\"><strong>sin cita previa<\/strong><\/h4>\n\n\n\n<p>Lamentablemente no. Las citas son necesarias.<\/p>\n\n\n\n<p>Si este servicio parece que usted califica, <a href=\"https:\/\/openarmsfreeclinic.org\/es\/patients\/\">registro en l\u00ednea<\/a> o no dude en llamar para m\u00e1s preguntas: 262-379-1401<\/p>\n\n\n<div class=\"gb-button-wrapper gb-button-wrapper-9a79370e\">\n\n<a class=\"gb-button gb-button-a8a20a65 gb-button-text\" href=\"https:\/\/openarmsfreeclinic.org\/es\/services\/\">Nuestros otros servicios<\/a>\n\n<\/div>\n<\/div><\/div><\/div>\n\n<div class=\"gb-grid-column gb-grid-column-dd579c7f\"><div class=\"gb-container gb-container-dd579c7f\"><div class=\"gb-inside-container\">\n<div class=\"wp-block-image\">\n<figure class=\"aligncenter size-full\"><img loading=\"lazy\" decoding=\"async\" width=\"494\" height=\"540\" src=\"https:\/\/openarmsfreeclinic.org\/wp-content\/uploads\/OAFC-Leaf-Vision-3-494x540-1.png\" alt=\"\" class=\"wp-image-446\" srcset=\"https:\/\/openarmsfreeclinic.org\/wp-content\/uploads\/OAFC-Leaf-Vision-3-494x540-1.png 494w, https:\/\/openarmsfreeclinic.org\/wp-content\/uploads\/OAFC-Leaf-Vision-3-494x540-1-274x300.png 274w, https:\/\/openarmsfreeclinic.org\/wp-content\/uploads\/OAFC-Leaf-Vision-3-494x540-1-11x12.png 11w\" sizes=\"auto, (max-width: 494px) 100vw, 494px\" \/><\/figure>\n<\/div>\n<\/div><\/div><\/div>\n<\/div>","protected":false},"excerpt":{"rendered":"<p>&#8220;Could a greater miracle take place than for us to look through each other\u2019s eyes for an instant? &#8221; \u2013 Henry David Thoreau<\/p>","protected":false},"author":1,"featured_media":0,"parent":8,"menu_order":0,"comment_status":"closed","ping_status":"closed","template":"","meta":{"footnotes":""},"class_list":["post-322","page","type-page","status-publish"],"yoast_head":"<!-- This site is optimized with the Yoast SEO plugin v27.4 - https:\/\/yoast.com\/product\/yoast-seo-wordpress\/ -->\n<title>Vision - Open Arms Free Clinic<\/title>\n<meta name=\"description\" content=\"Open Arms provides comprehensive primary medical, dental, behavioral health, lab, and medication services at no charge for those qualified.\" \/>\n<meta name=\"robots\" content=\"index, follow, max-snippet:-1, max-image-preview:large, max-video-preview:-1\" \/>\n<link rel=\"canonical\" href=\"https:\/\/openarmsfreeclinic.org\/es\/services\/vision\/\" \/>\n<meta property=\"og:locale\" content=\"es_MX\" \/>\n<meta property=\"og:type\" content=\"article\" \/>\n<meta property=\"og:title\" content=\"Vision - Open Arms Free Clinic\" \/>\n<meta property=\"og:description\" content=\"Open Arms provides comprehensive primary medical, dental, behavioral health, lab, and medication services at no charge for those qualified.\" \/>\n<meta property=\"og:url\" content=\"https:\/\/openarmsfreeclinic.org\/es\/services\/vision\/\" \/>\n<meta property=\"og:site_name\" content=\"Open Arms Free Clinic\" \/>\n<meta property=\"article:modified_time\" content=\"2025-01-07T22:25:04+00:00\" \/>\n<meta property=\"og:image\" content=\"https:\/\/openarmsfreeclinic.org\/wp-content\/uploads\/OAFC-Leaf-Vision-3-494x540-1.png\" \/>\n\t<meta property=\"og:image:width\" content=\"494\" \/>\n\t<meta property=\"og:image:height\" content=\"540\" \/>\n\t<meta property=\"og:image:type\" content=\"image\/png\" \/>\n<meta name=\"twitter:card\" content=\"summary_large_image\" \/>\n<meta name=\"twitter:label1\" content=\"Tiempo de lectura\" \/>\n\t<meta name=\"twitter:data1\" content=\"1 minuto\" \/>\n<script type=\"application\/ld+json\" class=\"yoast-schema-graph\">{\"@context\":\"https:\\\/\\\/schema.org\",\"@graph\":[{\"@type\":\"WebPage\",\"@id\":\"https:\\\/\\\/openarmsfreeclinic.org\\\/services\\\/vision\\\/\",\"url\":\"https:\\\/\\\/openarmsfreeclinic.org\\\/services\\\/vision\\\/\",\"name\":\"Vision - Open Arms Free Clinic\",\"isPartOf\":{\"@id\":\"https:\\\/\\\/openarmsfreeclinic.org\\\/#website\"},\"primaryImageOfPage\":{\"@id\":\"https:\\\/\\\/openarmsfreeclinic.org\\\/services\\\/vision\\\/#primaryimage\"},\"image\":{\"@id\":\"https:\\\/\\\/openarmsfreeclinic.org\\\/services\\\/vision\\\/#primaryimage\"},\"thumbnailUrl\":\"https:\\\/\\\/openarmsfreeclinic.org\\\/wp-content\\\/uploads\\\/OAFC-Leaf-Vision-3-494x540-1.png\",\"datePublished\":\"2023-01-06T19:35:32+00:00\",\"dateModified\":\"2025-01-07T22:25:04+00:00\",\"description\":\"Open Arms provides comprehensive primary medical, dental, behavioral health, lab, and medication services at no charge for those qualified.\",\"breadcrumb\":{\"@id\":\"https:\\\/\\\/openarmsfreeclinic.org\\\/services\\\/vision\\\/#breadcrumb\"},\"inLanguage\":\"es\",\"potentialAction\":[{\"@type\":\"ReadAction\",\"target\":[\"https:\\\/\\\/openarmsfreeclinic.org\\\/services\\\/vision\\\/\"]}]},{\"@type\":\"ImageObject\",\"inLanguage\":\"es\",\"@id\":\"https:\\\/\\\/openarmsfreeclinic.org\\\/services\\\/vision\\\/#primaryimage\",\"url\":\"https:\\\/\\\/openarmsfreeclinic.org\\\/wp-content\\\/uploads\\\/OAFC-Leaf-Vision-3-494x540-1.png\",\"contentUrl\":\"https:\\\/\\\/openarmsfreeclinic.org\\\/wp-content\\\/uploads\\\/OAFC-Leaf-Vision-3-494x540-1.png\"},{\"@type\":\"BreadcrumbList\",\"@id\":\"https:\\\/\\\/openarmsfreeclinic.org\\\/services\\\/vision\\\/#breadcrumb\",\"itemListElement\":[{\"@type\":\"ListItem\",\"position\":1,\"name\":\"Home\",\"item\":\"https:\\\/\\\/openarmsfreeclinic.org\\\/\"},{\"@type\":\"ListItem\",\"position\":2,\"name\":\"Services\",\"item\":\"https:\\\/\\\/openarmsfreeclinic.org\\\/services\\\/\"},{\"@type\":\"ListItem\",\"position\":3,\"name\":\"Vision\"}]},{\"@type\":\"WebSite\",\"@id\":\"https:\\\/\\\/openarmsfreeclinic.org\\\/#website\",\"url\":\"https:\\\/\\\/openarmsfreeclinic.org\\\/\",\"name\":\"Open Arms Free Clinic\",\"description\":\"Free Medical and Supportive Care Clinic\",\"publisher\":{\"@id\":\"https:\\\/\\\/openarmsfreeclinic.org\\\/#organization\"},\"potentialAction\":[{\"@type\":\"SearchAction\",\"target\":{\"@type\":\"EntryPoint\",\"urlTemplate\":\"https:\\\/\\\/openarmsfreeclinic.org\\\/?s={search_term_string}\"},\"query-input\":{\"@type\":\"PropertyValueSpecification\",\"valueRequired\":true,\"valueName\":\"search_term_string\"}}],\"inLanguage\":\"es\"},{\"@type\":\"Organization\",\"@id\":\"https:\\\/\\\/openarmsfreeclinic.org\\\/#organization\",\"name\":\"Open Arms Free Clinic\",\"url\":\"https:\\\/\\\/openarmsfreeclinic.org\\\/\",\"logo\":{\"@type\":\"ImageObject\",\"inLanguage\":\"es\",\"@id\":\"https:\\\/\\\/openarmsfreeclinic.org\\\/#\\\/schema\\\/logo\\\/image\\\/\",\"url\":\"https:\\\/\\\/openarmsfreeclinic.org\\\/wp-content\\\/uploads\\\/OpenArms_logo_1.png\",\"contentUrl\":\"https:\\\/\\\/openarmsfreeclinic.org\\\/wp-content\\\/uploads\\\/OpenArms_logo_1.png\",\"width\":204,\"height\":136,\"caption\":\"Open Arms Free Clinic\"},\"image\":{\"@id\":\"https:\\\/\\\/openarmsfreeclinic.org\\\/#\\\/schema\\\/logo\\\/image\\\/\"}}]}<\/script>\n<!-- \/ Yoast SEO plugin. -->","yoast_head_json":{"title":"Vision - Open Arms Free Clinic","description":"Open Arms provides comprehensive primary medical, dental, behavioral health, lab, and medication services at no charge for those qualified.","robots":{"index":"index","follow":"follow","max-snippet":"max-snippet:-1","max-image-preview":"max-image-preview:large","max-video-preview":"max-video-preview:-1"},"canonical":"https:\/\/openarmsfreeclinic.org\/es\/services\/vision\/","og_locale":"es_MX","og_type":"article","og_title":"Vision - Open Arms Free Clinic","og_description":"Open Arms provides comprehensive primary medical, dental, behavioral health, lab, and medication services at no charge for those qualified.","og_url":"https:\/\/openarmsfreeclinic.org\/es\/services\/vision\/","og_site_name":"Open Arms Free Clinic","article_modified_time":"2025-01-07T22:25:04+00:00","og_image":[{"width":494,"height":540,"url":"https:\/\/openarmsfreeclinic.org\/wp-content\/uploads\/OAFC-Leaf-Vision-3-494x540-1.png","type":"image\/png"}],"twitter_card":"summary_large_image","twitter_misc":{"Tiempo de lectura":"1 minuto"},"schema":{"@context":"https:\/\/schema.org","@graph":[{"@type":"WebPage","@id":"https:\/\/openarmsfreeclinic.org\/services\/vision\/","url":"https:\/\/openarmsfreeclinic.org\/services\/vision\/","name":"Vision - Open Arms Free Clinic","isPartOf":{"@id":"https:\/\/openarmsfreeclinic.org\/#website"},"primaryImageOfPage":{"@id":"https:\/\/openarmsfreeclinic.org\/services\/vision\/#primaryimage"},"image":{"@id":"https:\/\/openarmsfreeclinic.org\/services\/vision\/#primaryimage"},"thumbnailUrl":"https:\/\/openarmsfreeclinic.org\/wp-content\/uploads\/OAFC-Leaf-Vision-3-494x540-1.png","datePublished":"2023-01-06T19:35:32+00:00","dateModified":"2025-01-07T22:25:04+00:00","description":"Open Arms provides comprehensive primary medical, dental, behavioral health, lab, and medication services at no charge for those qualified.","breadcrumb":{"@id":"https:\/\/openarmsfreeclinic.org\/services\/vision\/#breadcrumb"},"inLanguage":"es","potentialAction":[{"@type":"ReadAction","target":["https:\/\/openarmsfreeclinic.org\/services\/vision\/"]}]},{"@type":"ImageObject","inLanguage":"es","@id":"https:\/\/openarmsfreeclinic.org\/services\/vision\/#primaryimage","url":"https:\/\/openarmsfreeclinic.org\/wp-content\/uploads\/OAFC-Leaf-Vision-3-494x540-1.png","contentUrl":"https:\/\/openarmsfreeclinic.org\/wp-content\/uploads\/OAFC-Leaf-Vision-3-494x540-1.png"},{"@type":"BreadcrumbList","@id":"https:\/\/openarmsfreeclinic.org\/services\/vision\/#breadcrumb","itemListElement":[{"@type":"ListItem","position":1,"name":"Home","item":"https:\/\/openarmsfreeclinic.org\/"},{"@type":"ListItem","position":2,"name":"Services","item":"https:\/\/openarmsfreeclinic.org\/services\/"},{"@type":"ListItem","position":3,"name":"Vision"}]},{"@type":"WebSite","@id":"https:\/\/openarmsfreeclinic.org\/#website","url":"https:\/\/openarmsfreeclinic.org\/","name":"Cl\u00ednica Gratuita de Brazos Abiertos","description":"Free Medical and Supportive Care Clinic","publisher":{"@id":"https:\/\/openarmsfreeclinic.org\/#organization"},"potentialAction":[{"@type":"SearchAction","target":{"@type":"EntryPoint","urlTemplate":"https:\/\/openarmsfreeclinic.org\/?s={search_term_string}"},"query-input":{"@type":"PropertyValueSpecification","valueRequired":true,"valueName":"search_term_string"}}],"inLanguage":"es"},{"@type":"Organization","@id":"https:\/\/openarmsfreeclinic.org\/#organization","name":"Cl\u00ednica Gratuita de Brazos Abiertos","url":"https:\/\/openarmsfreeclinic.org\/","logo":{"@type":"ImageObject","inLanguage":"es","@id":"https:\/\/openarmsfreeclinic.org\/#\/schema\/logo\/image\/","url":"https:\/\/openarmsfreeclinic.org\/wp-content\/uploads\/OpenArms_logo_1.png","contentUrl":"https:\/\/openarmsfreeclinic.org\/wp-content\/uploads\/OpenArms_logo_1.png","width":204,"height":136,"caption":"Open Arms Free Clinic"},"image":{"@id":"https:\/\/openarmsfreeclinic.org\/#\/schema\/logo\/image\/"}}]}},"_links":{"self":[{"href":"https:\/\/openarmsfreeclinic.org\/es\/wp-json\/wp\/v2\/pages\/322","targetHints":{"allow":["GET"]}}],"collection":[{"href":"https:\/\/openarmsfreeclinic.org\/es\/wp-json\/wp\/v2\/pages"}],"about":[{"href":"https:\/\/openarmsfreeclinic.org\/es\/wp-json\/wp\/v2\/types\/page"}],"author":[{"embeddable":true,"href":"https:\/\/openarmsfreeclinic.org\/es\/wp-json\/wp\/v2\/users\/1"}],"replies":[{"embeddable":true,"href":"https:\/\/openarmsfreeclinic.org\/es\/wp-json\/wp\/v2\/comments?post=322"}],"version-history":[{"count":0,"href":"https:\/\/openarmsfreeclinic.org\/es\/wp-json\/wp\/v2\/pages\/322\/revisions"}],"up":[{"embeddable":true,"href":"https:\/\/openarmsfreeclinic.org\/es\/wp-json\/wp\/v2\/pages\/8"}],"wp:attachment":[{"href":"https:\/\/openarmsfreeclinic.org\/es\/wp-json\/wp\/v2\/media?parent=322"}],"curies":[{"name":"wp","href":"https:\/\/api.w.org\/{rel}","templated":true}]}}