{"id":8,"date":"2022-05-31T10:13:34","date_gmt":"2022-05-31T15:13:34","guid":{"rendered":"https:\/\/openarmsfreeclinic.org\/?page_id=8"},"modified":"2026-02-23T11:11:17","modified_gmt":"2026-02-23T17:11:17","slug":"services","status":"publish","type":"page","link":"https:\/\/openarmsfreeclinic.org\/es\/services\/","title":{"rendered":"Servicios"},"content":{"rendered":"<div class=\"gb-grid-wrapper gb-grid-wrapper-2a349112\">\n<div class=\"gb-grid-column gb-grid-column-26d234ae\"><div class=\"gb-container gb-container-26d234ae\"><div class=\"gb-inside-container\">\n\n<h4 class=\"gb-headline gb-headline-1e44fac7 gb-headline-text\">Creemos que todos tienen derecho a la atenci\u00f3n m\u00e9dica b\u00e1sica<\/h4>\n\n\n\n<p>Open Arms Free Clinic, Inc. (OAFC) se enfoca en brindar acceso equitativo a la atenci\u00f3n m\u00e9dica para los residentes del condado de todas las edades. Como organizaci\u00f3n privada sin fines de lucro, Open Arms ha podido aprovechar el apoyo de los voluntarios y la filantrop\u00eda privada para brindar atenci\u00f3n m\u00e9dica de calidad sin costo alguno a los pacientes que califican. La misi\u00f3n es comprender mejor y atender con compasi\u00f3n las necesidades de salud y bienestar de los residentes de bajos ingresos y sin seguro del condado de Walworth, Wisconsin. Nuestros voluntarios dedicados sirven a la comunidad en toda su diversidad \u00e9tnica, religiosa y econ\u00f3mica. Nuestro objetivo es que nuestros pacientes y sus familias tengan la misma atenci\u00f3n m\u00e9dica con respeto y dignidad que desear\u00edamos para nuestros amigos y familiares.<\/p>\n\n\n<div class=\"gb-container gb-container-0d733452\"><div class=\"gb-inside-container\">\n\n<h3 class=\"gb-headline gb-headline-e4778bfb\"><span class=\"gb-icon\"><svg xml:space=\"preserve\" viewbox=\"0 0 250 250\" height=\"250px\" width=\"250px\" y=\"0px\" x=\"0px\" xmlns:xlink=\"http:\/\/www.w3.org\/1999\/xlink\" xmlns=\"http:\/\/www.w3.org\/2000\/svg\" id=\"Layer_2\" version=\"1.1\"> <g> \t<path d=\"M125,1.889c-67.747,0-122.667,54.92-122.667,122.667S57.253,247.223,125,247.223 \t\ts122.667-54.92,122.667-122.667S192.747,1.889,125,1.889z M175.739,141.124v21.931c0,20.653-18.344,37.818-40.836,37.818 \t\tc-22.491,0-40.888-17.165-40.888-37.818v-24.849h-0.556c-9.66-1.758-18.428-6.767-24.849-14.194c-1-1.134-1.435-2.659-1.18-4.149 \t\tc-9.656-11.462-15.273-25.783-15.988-40.755c0-20.125,9.475-21.876,25.47-25.473c0.76-1.901,2.673-3.082,4.713-2.913 \t\tc3.253-0.279,6.138,2.084,6.501,5.329c-0.312,3.355-3.136,5.913-6.504,5.895c-1.1-0.037-2.153-0.453-2.978-1.179h-0.567 \t\tc-14.799,2.984-18.935,4.151-18.935,18.341c0.748,13.401,5.71,26.224,14.179,36.639c1.574-0.058,3.093,0.581,4.152,1.745 \t\tc4.148,4.763,11.27,10.657,19.566,10.657c8.865,0,15.938-5.892,20.09-10.657c1.064-1.156,2.578-1.792,4.148-1.745 \t\tc8.298-10.657,14.238-26.028,14.238-36.639c0-14.193-4.146-15.373-18.953-18.341c-1.267,0.725-2.692,1.13-4.151,1.179 \t\tc-3.173-0.212-5.706-2.724-5.942-5.895c0.272-3.062,2.869-5.391,5.942-5.329c2.196-0.155,4.279,0.988,5.328,2.922 \t\tc15.936,3.583,25.418,5.328,25.418,25.479c-0.789,15.129-6.389,29.612-15.985,41.338c-0.104,1.449-0.507,2.862-1.178,4.151 \t\tc-6.394,7.036-14.901,11.804-24.24,13.578v24.847c0,17.12,14.808,30.7,33.153,30.7c18.291,0,33.149-13.58,33.149-30.7v-21.913 \t\tc-10.441-1.302-18.304-10.134-18.394-20.653c0-11.224,10.045-20.699,22.496-20.699c11.832,0,22.489,9.475,22.489,20.699 \t\tC194.325,131.085,186.284,139.865,175.739,141.124z\" fill=\"#2B8FC9\"><\/path> \t<path d=\"M172.158,106.882c-8.254,0-15.373,5.894-15.373,13.579c0.51,8.346,7.691,14.697,16.036,14.187 \t\tc7.634-0.466,13.722-6.555,14.188-14.187C186.549,112.661,179.966,106.645,172.158,106.882z\" fill=\"#2B8FC9\"><\/path> <\/g> <\/svg><\/span><span class=\"gb-headline-text\">M\u00e9dico<\/span><\/h3>\n\n\n\n<p>Comprehensive primary care and specialty care, laboratory and diagnostic services, medications for chronic conditions and acute infections, and care coordination services.<\/p>\n\n\n<div class=\"gb-button-wrapper gb-button-wrapper-58555e3f\">\n\n<a class=\"gb-button gb-button-745dfd9d gb-button-text\" href=\"https:\/\/openarmsfreeclinic.org\/es\/services\/medical\/\">Aprende m\u00e1s<\/a>\n\n<\/div>\n<\/div><\/div>\n\n<div class=\"gb-container gb-container-60e8f0ec\"><div class=\"gb-inside-container\">\n\n<h3 class=\"gb-headline gb-headline-dcbae2fd\"><span class=\"gb-icon\"><svg xml:space=\"preserve\" viewbox=\"0 0 250 250\" height=\"250px\" width=\"250px\" y=\"0px\" x=\"0px\" xmlns:xlink=\"http:\/\/www.w3.org\/1999\/xlink\" xmlns=\"http:\/\/www.w3.org\/2000\/svg\" id=\"Layer_2\" version=\"1.1\"> <rect height=\"42.77\" width=\"32.813\" fill=\"none\" y=\"105.474\" x=\"109.594\"><\/rect> <path d=\"M124.556,1.333C56.318,1.333,1,56.651,1,124.89c0,68.236,55.318,123.554,123.556,123.554 \tc68.238,0,123.556-55.317,123.556-123.554C248.112,56.651,192.794,1.333,124.556,1.333z M169.497,120.318 \tc-3.387,7.968-5.042,16.563-4.851,25.219c0,11.354-4.325,35.825-9.938,46.711c-0.786,1.36-2.061,2.375-3.567,2.833 \tc-3.276,0.997-6.741-0.854-7.737-4.134c-5.229-18.062-8.938-63.489-18.851-63.359c-9.913-0.119-13.63,45.298-18.845,63.359 \tc-0.456,1.511-1.471,2.785-2.836,3.577c-2.966,1.708-6.754,0.687-8.463-2.276c-5.617-10.886-9.941-35.357-9.941-46.711 \tc0.192-8.656-1.461-17.251-4.851-25.219c-5.454-11.964-7.825-25.104-6.899-38.22c0.521-5.548,2.574-10.844,5.929-15.293 \tc2.958-3.292,6.848-5.603,11.152-6.626c5.302-0.5,10.643-0.384,15.917,0.345l18.843,2.566l18.842-2.566 \tc5.271-0.729,10.611-0.845,15.911-0.345c4.307,1.025,8.195,3.338,11.155,6.626c3.355,4.451,5.408,9.745,5.93,15.293 \tC177.321,95.213,174.949,108.353,169.497,120.318z\" fill=\"#2B8FC9\"><\/path> <\/svg><\/span><span class=\"gb-headline-text\">ODONTOLOG\u00cdA<\/span><\/h3>\n\n\n\n<p>Exams, x-rays, cleanings, and preventive and restorative oral health care.<\/p>\n\n\n<div class=\"gb-button-wrapper gb-button-wrapper-2735d5ea\">\n\n<a class=\"gb-button gb-button-d23b12ab gb-button-text\" href=\"https:\/\/openarmsfreeclinic.org\/es\/services\/dentistry\/\">Aprende m\u00e1s<\/a>\n\n<\/div>\n<\/div><\/div>\n\n<div class=\"gb-container gb-container-dce93470\"><div class=\"gb-inside-container\">\n\n<h3 class=\"gb-headline gb-headline-3c80d1bd\"><span class=\"gb-icon\"><svg xml:space=\"preserve\" viewbox=\"0 0 250 250\" height=\"250px\" width=\"250px\" y=\"0px\" x=\"0px\" xmlns:xlink=\"http:\/\/www.w3.org\/1999\/xlink\" xmlns=\"http:\/\/www.w3.org\/2000\/svg\" id=\"behav\" version=\"1.1\"> <path d=\"M125,1.889c-67.87,0-122.889,55.02-122.889,122.89c0,67.869,55.02,122.888,122.889,122.888 \tc67.87,0,122.89-55.02,122.89-122.888C247.89,56.908,192.87,1.889,125,1.889z M213.973,90.712L192.876,105.4 \tc-1.483,1.037-3.249,1.594-5.06,1.597h-52.732v104.597h-18.651v-86.108H84.021c-1.97,0-3.894-0.61-5.508-1.739l-23.599-16.428 \tc-2.56-1.824-3.156-5.381-1.33-7.941c0.366-0.514,0.816-0.965,1.33-1.331L78.45,81.659c1.657-1.158,3.628-1.781,5.649-1.784h32.333 \tV40.949h18.651v25.169h52.801c1.766,0.003,3.49,0.547,4.936,1.557l21.152,14.724c2.296,1.641,2.825,4.832,1.188,7.127 \tC214.832,89.984,214.429,90.385,213.973,90.712z\" fill=\"#2B8FC9\"><\/path> <\/svg><\/span><span class=\"gb-headline-text\">SALUD DEL COMPORTAMIENTO<\/span><\/h3>\n\n\n\n<p>Assessment, brief interventions, and therapy for individuals and families.<\/p>\n\n\n<div class=\"gb-button-wrapper gb-button-wrapper-61233587\">\n\n<a class=\"gb-button gb-button-d273edcc gb-button-text\" href=\"https:\/\/openarmsfreeclinic.org\/es\/services\/behavioral-health\/\">Aprende m\u00e1s<\/a>\n\n<\/div>\n<\/div><\/div>\n\n<div class=\"gb-container gb-container-eb33dab1\"><div class=\"gb-inside-container\">\n\n<h3 class=\"gb-headline gb-headline-3a44ab1a gb-headline-text\"><img loading=\"lazy\" decoding=\"async\" width=\"75\" height=\"56\" class=\"wp-image-689\" style=\"width: 75px;\" src=\"https:\/\/openarmsfreeclinic.org\/wp-content\/uploads\/Medication-Icon-for-Website-.png\" alt=\"\" srcset=\"https:\/\/openarmsfreeclinic.org\/wp-content\/uploads\/Medication-Icon-for-Website-.png 100w, https:\/\/openarmsfreeclinic.org\/wp-content\/uploads\/Medication-Icon-for-Website--16x12.png 16w\" sizes=\"auto, (max-width: 75px) 100vw, 75px\" \/>medications<\/h3>\n\n\n\n<p>Medication services provided by a licensed, registered pharmacist.<\/p>\n\n\n<div class=\"gb-button-wrapper gb-button-wrapper-1bd927fd\">\n\n<a class=\"gb-button gb-button-2c4c364c gb-button-text\" href=\"https:\/\/openarmsfreeclinic.org\/es\/services\/medications\/\">Aprende m\u00e1s<\/a>\n\n<\/div>\n<\/div><\/div>\n\n<div class=\"gb-container gb-container-97a3d1d4\"><div class=\"gb-inside-container\">\n\n<h3 class=\"gb-headline gb-headline-8302fa4a\"><span class=\"gb-icon\"><svg xml:space=\"preserve\" viewbox=\"0 0 250 250\" height=\"250px\" width=\"250px\" y=\"0px\" x=\"0px\" xmlns:xlink=\"http:\/\/www.w3.org\/1999\/xlink\" xmlns=\"http:\/\/www.w3.org\/2000\/svg\" id=\"Layer_3\" version=\"1.1\"> <g> \t<path d=\"M146.575,59.529c0,2.095-1.698,3.794-3.796,3.794h-35.552c-2.095,0-3.794-1.699-3.794-3.794v-1.136H77.121 \t\tv138.423h95.76V58.393h-26.306V59.529z M104.29,92.212h14.862V77.349h11.703v14.863h14.861v11.7h-14.861v14.865h-11.703v-14.865 \t\tH104.29V92.212z M157.872,173.461H92.133v-13.285h65.739V173.461z M157.872,146.278H92.133v-13.28h65.739V146.278z\" fill=\"#2B8FC9\"><\/path> \t<path d=\"M125,1.444C56.885,1.444,1.667,56.663,1.667,124.778c0,68.115,55.218,123.333,123.333,123.333 \t\tc68.114,0,123.334-55.219,123.334-123.333C248.334,56.663,193.114,1.444,125,1.444z M182.367,197.764 \t\tc0,4.716-3.823,8.539-8.535,8.539H76.17c-4.716,0-8.54-3.823-8.54-8.539V57.444c0-4.716,3.824-8.539,8.54-8.539h27.26v-1.856 \t\tc0-2.096,1.699-3.794,3.794-3.794h35.551c2.095,0,3.794,1.698,3.794,3.794v1.856h27.263c4.712,0,8.535,3.823,8.535,8.539V197.764z\" fill=\"#2B8FC9\"><\/path> <\/g> <\/svg><\/span><span class=\"gb-headline-text\">COORDINACI\u00d3N DE ATENCI\u00d3N<\/span><\/h3>\n\n\n\n<p>Assistance with referrals, health insurance, support services, and follow-up care.<\/p>\n\n\n<div class=\"gb-button-wrapper gb-button-wrapper-0f7c205a\">\n\n<a class=\"gb-button gb-button-c6589ac0 gb-button-text\" href=\"https:\/\/openarmsfreeclinic.org\/es\/services\/care-coordination\/\">Aprende m\u00e1s<\/a>\n\n<\/div>\n<\/div><\/div>\n\n<div class=\"gb-container gb-container-d093d63f\"><div class=\"gb-inside-container\">\n\n<h3 class=\"gb-headline gb-headline-e5e3cb68\"><span class=\"gb-icon\"><svg xml:space=\"preserve\" viewbox=\"0 0 250 250\" height=\"250px\" width=\"250px\" y=\"0px\" x=\"0px\" xmlns:xlink=\"http:\/\/www.w3.org\/1999\/xlink\" xmlns=\"http:\/\/www.w3.org\/2000\/svg\" id=\"Layer_1\" version=\"1.1\"> <g> \t<path d=\"M124.778,1.556C56.724,1.556,1.556,56.724,1.556,124.778C1.556,192.832,56.724,248,124.778,248 \t\tC192.832,248,248,192.832,248,124.778C248,56.724,192.832,1.556,124.778,1.556z M193.973,124.834 \t\tc-0.012,2.238-0.754,4.473-2.232,6.325c-15.969,20.895-40.658,33.292-66.957,33.613c-26.299-0.321-50.99-12.719-66.963-33.613 \t\tc-2.977-3.732-2.977-9.023,0-12.754c15.969-20.901,40.663-33.299,66.963-33.621c26.301,0.322,50.991,12.72,66.957,33.621 \t\tc1.479,1.851,2.221,4.085,2.232,6.324V124.834z\" fill=\"#2B8FC9\"><\/path> \t<path d=\"M125.186,94.708c-16.492,0-29.861,13.366-29.868,29.858c0.007,16.49,13.376,29.857,29.868,29.857 \t\tc16.491,0,29.861-13.367,29.867-29.857C155.047,108.074,141.677,94.708,125.186,94.708z M125.183,139.879 \t\tc-8.456,0-15.311-6.857-15.311-15.312c0-8.456,6.854-15.312,15.311-15.312c0.225,0,0.44,0.036,0.663,0.036l-0.663,15.276 \t\tl15.261-0.996c0.021,0.332,0.052,0.661,0.052,0.996C140.495,133.021,133.64,139.879,125.183,139.879z\" fill=\"#2B8FC9\"><\/path> <\/g> <\/svg><\/span><span class=\"gb-headline-text\">VISI\u00d3N<\/span><\/h3>\n\n\n\n<p>Basic vision exams, diabetic eye exams, glasses, and referral to specialty care.<\/p>\n\n\n<div class=\"gb-button-wrapper gb-button-wrapper-42fdd841\">\n\n<a class=\"gb-button gb-button-b906e73c gb-button-text\" href=\"https:\/\/openarmsfreeclinic.org\/es\/services\/vision\/\">Aprende m\u00e1s<\/a>\n\n<\/div>\n<\/div><\/div>\n<\/div><\/div><\/div>\n\n<div class=\"gb-grid-column gb-grid-column-ce2137a4\"><div class=\"gb-container gb-container-ce2137a4\"><div class=\"gb-inside-container\">\n<div class=\"wp-block-image\">\n<figure class=\"aligncenter size-full\"><img loading=\"lazy\" decoding=\"async\" width=\"494\" height=\"540\" src=\"https:\/\/openarmsfreeclinic.org\/wp-content\/uploads\/OAFC-Leaf-Services-3-494x540-1.png\" alt=\"\" class=\"wp-image-466\" srcset=\"https:\/\/openarmsfreeclinic.org\/wp-content\/uploads\/OAFC-Leaf-Services-3-494x540-1.png 494w, https:\/\/openarmsfreeclinic.org\/wp-content\/uploads\/OAFC-Leaf-Services-3-494x540-1-274x300.png 274w, https:\/\/openarmsfreeclinic.org\/wp-content\/uploads\/OAFC-Leaf-Services-3-494x540-1-11x12.png 11w\" sizes=\"auto, (max-width: 494px) 100vw, 494px\" \/><\/figure>\n<\/div>\n<\/div><\/div><\/div>\n<\/div>\n\n<div class=\"gb-container gb-container-9656885f\">\n\n<figure class=\"wp-block-image size-full is-resized\"><a class=\"file:\/\/\/C:\/Users\/Loafc49\/Downloads\/HIPAA%20Notice%20of%20Privacy%20Practices.pdf\" href=\"https:\/\/openarmsfreeclinic.org\/es\/services\/screenshot-2026-02-19-114823\/#main\" target=\"_blank\" rel=\"file:\/\/\/C:\/Users\/Loafc49\/Downloads\/HIPAA%20Notice%20of%20Privacy%20Practices.pdf\"><img loading=\"lazy\" decoding=\"async\" width=\"555\" height=\"387\" src=\"https:\/\/openarmsfreeclinic.org\/wp-content\/uploads\/Screenshot-2026-02-19-114823.png\" alt=\"\" class=\"wp-image-866\" style=\"width:171px;height:auto\" srcset=\"https:\/\/openarmsfreeclinic.org\/wp-content\/uploads\/Screenshot-2026-02-19-114823.png 555w, https:\/\/openarmsfreeclinic.org\/wp-content\/uploads\/Screenshot-2026-02-19-114823-300x209.png 300w, https:\/\/openarmsfreeclinic.org\/wp-content\/uploads\/Screenshot-2026-02-19-114823-18x12.png 18w\" sizes=\"auto, (max-width: 555px) 100vw, 555px\" \/><\/a><\/figure>\n\n\n<div class=\"gb-container gb-container-40aa52a3\">\n\n<a class=\"gb-button gb-button-aba3f0d9 gb-button-text\" href=\"https:\/\/openarmsfreeclinic.org\/wp-content\/uploads\/HIPAA-Notice-of-Privacy-Practices-1.pdf\" target=\"_blank\" rel=\"noopener noreferrer\">HIPAA NOTICE OF PRIVACY PRACTICES<\/a>\n\n<\/div>\n<\/div>\n\n\n<p><\/p>\n\n\n\n<p><\/p>","protected":false},"excerpt":{"rendered":"","protected":false},"author":1,"featured_media":0,"parent":0,"menu_order":20,"comment_status":"closed","ping_status":"closed","template":"","meta":{"footnotes":""},"class_list":["post-8","page","type-page","status-publish"],"yoast_head":"<!-- This site is optimized with the Yoast SEO plugin v27.2 - https:\/\/yoast.com\/product\/yoast-seo-wordpress\/ -->\n<title>Services - Open Arms Free Clinic<\/title>\n<meta name=\"description\" content=\"Open Arms provides comprehensive primary medical, dental, behavioral health, lab, and medication services at no charge for those qualified.\" \/>\n<meta name=\"robots\" content=\"index, follow, max-snippet:-1, max-image-preview:large, max-video-preview:-1\" \/>\n<link rel=\"canonical\" href=\"https:\/\/openarmsfreeclinic.org\/es\/services\/\" \/>\n<meta property=\"og:locale\" content=\"es_MX\" \/>\n<meta property=\"og:type\" content=\"article\" \/>\n<meta property=\"og:title\" content=\"Services - Open Arms Free Clinic\" \/>\n<meta property=\"og:description\" content=\"Open Arms provides comprehensive primary medical, dental, behavioral health, lab, and medication services at no charge for those qualified.\" \/>\n<meta property=\"og:url\" content=\"https:\/\/openarmsfreeclinic.org\/es\/services\/\" \/>\n<meta property=\"og:site_name\" content=\"Open Arms Free Clinic\" \/>\n<meta property=\"article:modified_time\" content=\"2026-02-23T17:11:17+00:00\" \/>\n<meta property=\"og:image\" content=\"https:\/\/openarmsfreeclinic.org\/wp-content\/uploads\/Medication-Icon-for-Website-.png\" \/>\n\t<meta property=\"og:image:width\" content=\"100\" \/>\n\t<meta property=\"og:image:height\" content=\"75\" \/>\n\t<meta property=\"og:image:type\" content=\"image\/png\" \/>\n<meta name=\"twitter:card\" content=\"summary_large_image\" \/>\n<meta name=\"twitter:label1\" content=\"Tiempo de lectura\" \/>\n\t<meta name=\"twitter:data1\" content=\"2 minutos\" \/>\n<script type=\"application\/ld+json\" class=\"yoast-schema-graph\">{\"@context\":\"https:\/\/schema.org\",\"@graph\":[{\"@type\":\"WebPage\",\"@id\":\"https:\/\/openarmsfreeclinic.org\/services\/\",\"url\":\"https:\/\/openarmsfreeclinic.org\/services\/\",\"name\":\"Services - Open Arms Free Clinic\",\"isPartOf\":{\"@id\":\"https:\/\/openarmsfreeclinic.org\/#website\"},\"primaryImageOfPage\":{\"@id\":\"https:\/\/openarmsfreeclinic.org\/services\/#primaryimage\"},\"image\":{\"@id\":\"https:\/\/openarmsfreeclinic.org\/services\/#primaryimage\"},\"thumbnailUrl\":\"https:\/\/openarmsfreeclinic.org\/wp-content\/uploads\/Medication-Icon-for-Website-.png\",\"datePublished\":\"2022-05-31T15:13:34+00:00\",\"dateModified\":\"2026-02-23T17:11:17+00:00\",\"description\":\"Open Arms provides comprehensive primary medical, dental, behavioral health, lab, and medication services at no charge for those qualified.\",\"breadcrumb\":{\"@id\":\"https:\/\/openarmsfreeclinic.org\/services\/#breadcrumb\"},\"inLanguage\":\"es\",\"potentialAction\":[{\"@type\":\"ReadAction\",\"target\":[\"https:\/\/openarmsfreeclinic.org\/services\/\"]}]},{\"@type\":\"ImageObject\",\"inLanguage\":\"es\",\"@id\":\"https:\/\/openarmsfreeclinic.org\/services\/#primaryimage\",\"url\":\"https:\/\/openarmsfreeclinic.org\/wp-content\/uploads\/Medication-Icon-for-Website-.png\",\"contentUrl\":\"https:\/\/openarmsfreeclinic.org\/wp-content\/uploads\/Medication-Icon-for-Website-.png\"},{\"@type\":\"BreadcrumbList\",\"@id\":\"https:\/\/openarmsfreeclinic.org\/services\/#breadcrumb\",\"itemListElement\":[{\"@type\":\"ListItem\",\"position\":1,\"name\":\"Home\",\"item\":\"https:\/\/openarmsfreeclinic.org\/\"},{\"@type\":\"ListItem\",\"position\":2,\"name\":\"Services\"}]},{\"@type\":\"WebSite\",\"@id\":\"https:\/\/openarmsfreeclinic.org\/#website\",\"url\":\"https:\/\/openarmsfreeclinic.org\/\",\"name\":\"Open Arms Free Clinic\",\"description\":\"Free Medical and Supportive Care Clinic\",\"publisher\":{\"@id\":\"https:\/\/openarmsfreeclinic.org\/#organization\"},\"potentialAction\":[{\"@type\":\"SearchAction\",\"target\":{\"@type\":\"EntryPoint\",\"urlTemplate\":\"https:\/\/openarmsfreeclinic.org\/?s={search_term_string}\"},\"query-input\":{\"@type\":\"PropertyValueSpecification\",\"valueRequired\":true,\"valueName\":\"search_term_string\"}}],\"inLanguage\":\"es\"},{\"@type\":\"Organization\",\"@id\":\"https:\/\/openarmsfreeclinic.org\/#organization\",\"name\":\"Open Arms Free Clinic\",\"url\":\"https:\/\/openarmsfreeclinic.org\/\",\"logo\":{\"@type\":\"ImageObject\",\"inLanguage\":\"es\",\"@id\":\"https:\/\/openarmsfreeclinic.org\/#\/schema\/logo\/image\/\",\"url\":\"https:\/\/openarmsfreeclinic.org\/wp-content\/uploads\/OpenArms_logo_1.png\",\"contentUrl\":\"https:\/\/openarmsfreeclinic.org\/wp-content\/uploads\/OpenArms_logo_1.png\",\"width\":204,\"height\":136,\"caption\":\"Open Arms Free Clinic\"},\"image\":{\"@id\":\"https:\/\/openarmsfreeclinic.org\/#\/schema\/logo\/image\/\"}}]}<\/script>\n<!-- \/ Yoast SEO plugin. -->","yoast_head_json":{"title":"Services - Open Arms Free Clinic","description":"Open Arms provides comprehensive primary medical, dental, behavioral health, lab, and medication services at no charge for those qualified.","robots":{"index":"index","follow":"follow","max-snippet":"max-snippet:-1","max-image-preview":"max-image-preview:large","max-video-preview":"max-video-preview:-1"},"canonical":"https:\/\/openarmsfreeclinic.org\/es\/services\/","og_locale":"es_MX","og_type":"article","og_title":"Services - Open Arms Free Clinic","og_description":"Open Arms provides comprehensive primary medical, dental, behavioral health, lab, and medication services at no charge for those qualified.","og_url":"https:\/\/openarmsfreeclinic.org\/es\/services\/","og_site_name":"Open Arms Free Clinic","article_modified_time":"2026-02-23T17:11:17+00:00","og_image":[{"width":100,"height":75,"url":"https:\/\/openarmsfreeclinic.org\/wp-content\/uploads\/Medication-Icon-for-Website-.png","type":"image\/png"}],"twitter_card":"summary_large_image","twitter_misc":{"Tiempo de lectura":"2 minutos"},"schema":{"@context":"https:\/\/schema.org","@graph":[{"@type":"WebPage","@id":"https:\/\/openarmsfreeclinic.org\/services\/","url":"https:\/\/openarmsfreeclinic.org\/services\/","name":"Services - Open Arms Free Clinic","isPartOf":{"@id":"https:\/\/openarmsfreeclinic.org\/#website"},"primaryImageOfPage":{"@id":"https:\/\/openarmsfreeclinic.org\/services\/#primaryimage"},"image":{"@id":"https:\/\/openarmsfreeclinic.org\/services\/#primaryimage"},"thumbnailUrl":"https:\/\/openarmsfreeclinic.org\/wp-content\/uploads\/Medication-Icon-for-Website-.png","datePublished":"2022-05-31T15:13:34+00:00","dateModified":"2026-02-23T17:11:17+00:00","description":"Open Arms provides comprehensive primary medical, dental, behavioral health, lab, and medication services at no charge for those qualified.","breadcrumb":{"@id":"https:\/\/openarmsfreeclinic.org\/services\/#breadcrumb"},"inLanguage":"es","potentialAction":[{"@type":"ReadAction","target":["https:\/\/openarmsfreeclinic.org\/services\/"]}]},{"@type":"ImageObject","inLanguage":"es","@id":"https:\/\/openarmsfreeclinic.org\/services\/#primaryimage","url":"https:\/\/openarmsfreeclinic.org\/wp-content\/uploads\/Medication-Icon-for-Website-.png","contentUrl":"https:\/\/openarmsfreeclinic.org\/wp-content\/uploads\/Medication-Icon-for-Website-.png"},{"@type":"BreadcrumbList","@id":"https:\/\/openarmsfreeclinic.org\/services\/#breadcrumb","itemListElement":[{"@type":"ListItem","position":1,"name":"Home","item":"https:\/\/openarmsfreeclinic.org\/"},{"@type":"ListItem","position":2,"name":"Services"}]},{"@type":"WebSite","@id":"https:\/\/openarmsfreeclinic.org\/#website","url":"https:\/\/openarmsfreeclinic.org\/","name":"Cl\u00ednica Gratuita de Brazos Abiertos","description":"Free Medical and Supportive Care Clinic","publisher":{"@id":"https:\/\/openarmsfreeclinic.org\/#organization"},"potentialAction":[{"@type":"SearchAction","target":{"@type":"EntryPoint","urlTemplate":"https:\/\/openarmsfreeclinic.org\/?s={search_term_string}"},"query-input":{"@type":"PropertyValueSpecification","valueRequired":true,"valueName":"search_term_string"}}],"inLanguage":"es"},{"@type":"Organization","@id":"https:\/\/openarmsfreeclinic.org\/#organization","name":"Cl\u00ednica Gratuita de Brazos Abiertos","url":"https:\/\/openarmsfreeclinic.org\/","logo":{"@type":"ImageObject","inLanguage":"es","@id":"https:\/\/openarmsfreeclinic.org\/#\/schema\/logo\/image\/","url":"https:\/\/openarmsfreeclinic.org\/wp-content\/uploads\/OpenArms_logo_1.png","contentUrl":"https:\/\/openarmsfreeclinic.org\/wp-content\/uploads\/OpenArms_logo_1.png","width":204,"height":136,"caption":"Open Arms Free Clinic"},"image":{"@id":"https:\/\/openarmsfreeclinic.org\/#\/schema\/logo\/image\/"}}]}},"_links":{"self":[{"href":"https:\/\/openarmsfreeclinic.org\/es\/wp-json\/wp\/v2\/pages\/8","targetHints":{"allow":["GET"]}}],"collection":[{"href":"https:\/\/openarmsfreeclinic.org\/es\/wp-json\/wp\/v2\/pages"}],"about":[{"href":"https:\/\/openarmsfreeclinic.org\/es\/wp-json\/wp\/v2\/types\/page"}],"author":[{"embeddable":true,"href":"https:\/\/openarmsfreeclinic.org\/es\/wp-json\/wp\/v2\/users\/1"}],"replies":[{"embeddable":true,"href":"https:\/\/openarmsfreeclinic.org\/es\/wp-json\/wp\/v2\/comments?post=8"}],"version-history":[{"count":0,"href":"https:\/\/openarmsfreeclinic.org\/es\/wp-json\/wp\/v2\/pages\/8\/revisions"}],"wp:attachment":[{"href":"https:\/\/openarmsfreeclinic.org\/es\/wp-json\/wp\/v2\/media?parent=8"}],"curies":[{"name":"wp","href":"https:\/\/api.w.org\/{rel}","templated":true}]}}